{"id":191,"date":"2024-09-17T07:58:23","date_gmt":"2024-09-17T07:58:23","guid":{"rendered":"https:\/\/www.lufthansa-escape-games.de\/?page_id=191"},"modified":"2024-09-18T06:52:36","modified_gmt":"2024-09-18T06:52:36","slug":"swiss-bank-news-de","status":"publish","type":"page","link":"https:\/\/www.lufthansa-escape-games.de\/?page_id=191","title":{"rendered":"Swiss Bank News &#8211; DE"},"content":{"rendered":"<p>[et_pb_section fb_built=&#8220;1&#8243; _builder_version=&#8220;4.11.4&#8243; _module_preset=&#8220;default&#8220; background_color=&#8220;#46464e&#8220; custom_margin=&#8220;0px||0px||false|false&#8220; custom_padding=&#8220;0px||0px||false|false&#8220; global_colors_info=&#8220;{}&#8220;][et_pb_row _builder_version=&#8220;4.11.4&#8243; _module_preset=&#8220;default&#8220; background_color=&#8220;#46464e&#8220; width=&#8220;100%&#8220; max_width=&#8220;2560px&#8220; custom_margin=&#8220;||||false|false&#8220; custom_padding=&#8220;0px||0px||false|false&#8220; global_colors_info=&#8220;{}&#8220;][et_pb_column type=&#8220;4_4&#8243; _builder_version=&#8220;4.11.4&#8243; _module_preset=&#8220;default&#8220; global_colors_info=&#8220;{}&#8220;][et_pb_text _builder_version=&#8220;4.11.4&#8243; _module_preset=&#8220;default&#8220; text_text_color=&#8220;#FFFFFF&#8220; text_orientation=&#8220;center&#8220; custom_margin=&#8220;0px||0px||false|false&#8220; custom_padding=&#8220;10px||10px||false|false&#8220; global_colors_info=&#8220;{}&#8220;]<\/p>\n<p><em>This website is part of Deutsche Lufthansa AG&#8217;s Serious Escape Game and not a genuine Swiss Bank news site.<\/em><\/p>\n<p>[\/et_pb_text][\/et_pb_column][\/et_pb_row][\/et_pb_section][et_pb_section fb_built=&#8220;1&#8243; _builder_version=&#8220;4.11.4&#8243; _module_preset=&#8220;default&#8220; custom_margin=&#8220;||||false|false&#8220; custom_padding=&#8220;0px||||false|false&#8220; global_colors_info=&#8220;{}&#8220;][et_pb_row _builder_version=&#8220;4.11.4&#8243; _module_preset=&#8220;default&#8220; background_color=&#8220;#FFFFFF&#8220; width=&#8220;20%&#8220; custom_margin=&#8220;20px||0px||false|false&#8220; custom_padding=&#8220;||0px||false|false&#8220; global_colors_info=&#8220;{}&#8220;][et_pb_column type=&#8220;4_4&#8243; _builder_version=&#8220;4.11.4&#8243; _module_preset=&#8220;default&#8220; global_colors_info=&#8220;{}&#8220;][et_pb_image src=&#8220;https:\/\/www.lufthansa-escape-games.de\/wp-content\/uploads\/2024\/08\/Credit_Suisse_Logo.svg_.png&#8220; title_text=&#8220;Credit_Suisse_Logo.svg&#8220; _builder_version=&#8220;4.11.4&#8243; _module_preset=&#8220;default&#8220; hover_enabled=&#8220;0&#8243; global_colors_info=&#8220;{}&#8220; sticky_enabled=&#8220;0&#8243;][\/et_pb_image][et_pb_button button_url=&#8220;https:\/\/www.lufthansa-escape-games.de\/&#8220; button_text=&#8220;English Version&#8220; button_alignment=&#8220;center&#8220; _builder_version=&#8220;4.11.4&#8243; _module_preset=&#8220;default&#8220; custom_button=&#8220;on&#8220; button_text_color=&#8220;#FFFFFF&#8220; button_bg_color=&#8220;#05164d&#8220; custom_margin=&#8220;50px||||false|false&#8220; custom_padding=&#8220;||||false|false&#8220; hover_enabled=&#8220;0&#8243; global_colors_info=&#8220;{}&#8220; sticky_enabled=&#8220;0&#8243; locked=&#8220;off&#8220;][\/et_pb_button][\/et_pb_column][\/et_pb_row][\/et_pb_section][et_pb_section fb_built=&#8220;1&#8243; _builder_version=&#8220;4.11.4&#8243; _module_preset=&#8220;default&#8220; background_image=&#8220;https:\/\/www.lufthansa-escape-games.de\/wp-content\/uploads\/2024\/08\/AdobeStock_233205473-scaled.jpeg&#8220; min_height=&#8220;1500px&#8220; global_colors_info=&#8220;{}&#8220;][et_pb_row _builder_version=&#8220;4.11.4&#8243; _module_preset=&#8220;default&#8220; global_colors_info=&#8220;{}&#8220;][et_pb_column type=&#8220;4_4&#8243; _builder_version=&#8220;4.11.4&#8243; _module_preset=&#8220;default&#8220; global_colors_info=&#8220;{}&#8220;][et_pb_text _builder_version=&#8220;4.11.4&#8243; _module_preset=&#8220;default&#8220; text_text_color=&#8220;#FFFFFF&#8220; background_color=&#8220;RGBA(0,0,0,0)&#8220; global_colors_info=&#8220;{}&#8220;]<\/p>\n<p>Um unsere Verbindung zur Lufthansa zu w\u00fcrdigen, haben wir auf unserer Website die Aviation Chronicle eingerichtet, um die Meilensteine und Errungenschaften der Luftfahrtgeschichte zu w\u00fcrdigen, von denen die Lufthansa viele entscheidend mitgestaltet hat.<\/p>\n<p>Wir laden dazu ein, diese Geschichten neugierig zu erforschen &#8211; manchmal kann ein bisschen Recherche faszinierende Erkenntnisse zutage f\u00f6rdern.<\/p>\n<p><strong>Solltet ihr auf Ungereimtheiten sto\u00dfen, meldet sie uns bitte nicht, sondern denkt dar\u00fcber nach, was ihr daraus machen k\u00f6nnt und wof\u00fcr die neue Kreation stehen k\u00f6nnte.<\/strong><\/p>\n<p>[\/et_pb_text][\/et_pb_column][\/et_pb_row][et_pb_row column_structure=&#8220;1_2,1_2&#8243; make_equal=&#8220;on&#8220; _builder_version=&#8220;4.11.4&#8243; _module_preset=&#8220;default&#8220; global_colors_info=&#8220;{}&#8220;][et_pb_column type=&#8220;1_2&#8243; _builder_version=&#8220;4.11.4&#8243; _module_preset=&#8220;default&#8220; background_color=&#8220;#FFFFFF&#8220; global_colors_info=&#8220;{}&#8220;][et_pb_text _builder_version=&#8220;4.11.4&#8243; _module_preset=&#8220;default&#8220; custom_margin=&#8220;10px||10px|20px|false|false&#8220; custom_padding=&#8220;20px|20px|0px|20px|false|false&#8220; border_width_left=&#8220;5px&#8220; global_colors_info=&#8220;{}&#8220;]<\/p>\n<h1>Der erste Flug der Gebr\u00fcder Wright<\/h1>\n<p>17. Dezember 1903<\/p>\n<p>[\/et_pb_text][et_pb_text _builder_version=&#8220;4.11.4&#8243; _module_preset=&#8220;default&#8220; custom_padding=&#8220;20px|20px|10px|20px|false|false&#8220; global_colors_info=&#8220;{}&#8220;]<\/p>\n<p>An diesem historischen Tag gelang Orville und Wilbur Wright in Kitty Hawk, North Carolina, der erste Motorflug. Ihr Flugzeug, der Wright Flyer, blieb 12 Sekunden lang in der Luft und erreichte eine H\u00f6he von 120 Fu\u00df. Dieses bedeutsame Ereignis markierte den Beginn des Zeitalters der Luftfahrt.<\/p>\n<p>[\/et_pb_text][\/et_pb_column][et_pb_column type=&#8220;1_2&#8243; _builder_version=&#8220;4.11.4&#8243; _module_preset=&#8220;default&#8220; background_color=&#8220;#FFFFFF&#8220; global_colors_info=&#8220;{}&#8220;][et_pb_text _builder_version=&#8220;4.11.4&#8243; _module_preset=&#8220;default&#8220; custom_margin=&#8220;10px||10px|20px|false|false&#8220; custom_padding=&#8220;20px|20px|0px|20px|false|false&#8220; border_width_left=&#8220;5px&#8220; global_colors_info=&#8220;{}&#8220;]<\/p>\n<h1>Erster Nonstop-Transatlantikflug<\/h1>\n<p>25. Mai 1927<\/p>\n<p>[\/et_pb_text][et_pb_text _builder_version=&#8220;4.11.4&#8243; _module_preset=&#8220;default&#8220; custom_padding=&#8220;20px|20px|10px|20px|false|false&#8220; global_colors_info=&#8220;{}&#8220;]<\/p>\n<p>Charles Lindbergh schrieb Geschichte, als er den ersten Nonstop-Transatlantikflug im Alleinflug von New York nach Paris absolvierte. Mit der Spirit of St. Louis legte Lindbergh rund 3.600 Meilen in etwas mehr als 33 Stunden zur\u00fcck und festigte damit seinen Platz als einer der gr\u00f6\u00dften Pioniere der Luftfahrt.<\/p>\n<p>[\/et_pb_text][\/et_pb_column][\/et_pb_row][et_pb_row column_structure=&#8220;1_2,1_2&#8243; make_equal=&#8220;on&#8220; _builder_version=&#8220;4.11.4&#8243; _module_preset=&#8220;default&#8220; global_colors_info=&#8220;{}&#8220;][et_pb_column type=&#8220;1_2&#8243; _builder_version=&#8220;4.11.4&#8243; _module_preset=&#8220;default&#8220; background_color=&#8220;#FFFFFF&#8220; global_colors_info=&#8220;{}&#8220;][et_pb_text _builder_version=&#8220;4.11.4&#8243; _module_preset=&#8220;default&#8220; custom_margin=&#8220;10px||10px|20px|false|false&#8220; custom_padding=&#8220;20px|20px|0px|20px|false|false&#8220; border_width_left=&#8220;5px&#8220; global_colors_info=&#8220;{}&#8220;]<\/p>\n<h1>Einf\u00fchrung der Concorde in den kommerziellen Betrieb<\/h1>\n<p>21. Januar 1976<\/p>\n<p>[\/et_pb_text][et_pb_text _builder_version=&#8220;4.11.4&#8243; _module_preset=&#8220;default&#8220; custom_padding=&#8220;20px|20px|10px|20px|false|false&#8220; global_colors_info=&#8220;{}&#8220;]<\/p>\n<p>Die \u00dcberschallmaschine Concorde absolvierte ihren ersten kommerziellen Flug von London nach Bahrain und verk\u00fcrzte damit die Reisezeiten \u00fcber den Atlantik drastisch. Dieses innovative Flugzeug, das mit doppelter Schallgeschwindigkeit fliegen kann, wurde zum Symbol f\u00fcr Luxus und Geschwindigkeit im Flugverkehr.<\/p>\n<p>[\/et_pb_text][\/et_pb_column][et_pb_column type=&#8220;1_2&#8243; _builder_version=&#8220;4.11.4&#8243; _module_preset=&#8220;default&#8220; background_color=&#8220;#FFFFFF&#8220; global_colors_info=&#8220;{}&#8220;][et_pb_text _builder_version=&#8220;4.11.4&#8243; _module_preset=&#8220;default&#8220; custom_margin=&#8220;10px||10px|20px|false|false&#8220; custom_padding=&#8220;20px|20px|0px|20px|false|false&#8220; border_width_left=&#8220;5px&#8220; global_colors_info=&#8220;{}&#8220;]<\/p>\n<h1>Erstflug des Airbus A320<\/h1>\n<p>22. Mai 1989<\/p>\n<p>[\/et_pb_text][et_pb_text _builder_version=&#8220;4.11.4&#8243; _module_preset=&#8220;default&#8220; custom_padding=&#8220;20px|20px|10px|20px|false|false&#8220; global_colors_info=&#8220;{}&#8220;]<\/p>\n<p><em>Der Airbus A320 absolvierte seinen Erstflug und setzte neue Ma\u00dfst\u00e4be in Sachen Effizienz und Design. Dieses Flugzeug war das erste mit einem vollst\u00e4ndig digitalen Fly-by-Wire-System, das seine Sicherheit und Leistung erheblich verbesserte.<\/em><\/p>\n<p>[\/et_pb_text][\/et_pb_column][\/et_pb_row][\/et_pb_section]<\/p>\n","protected":false},"excerpt":{"rendered":"<p>This website is part of Deutsche Lufthansa AG&#8217;s Serious Escape Game and not a genuine Swiss Bank news site.Um unsere Verbindung zur Lufthansa zu w\u00fcrdigen, haben wir auf unserer Website die Aviation Chronicle eingerichtet, um die Meilensteine und Errungenschaften der Luftfahrtgeschichte zu w\u00fcrdigen, von denen die Lufthansa viele entscheidend mitgestaltet hat. Wir laden dazu ein, [&hellip;]<\/p>\n","protected":false},"author":1,"featured_media":0,"parent":0,"menu_order":0,"comment_status":"closed","ping_status":"closed","template":"page-template-blank.php","meta":{"_et_pb_use_builder":"on","_et_pb_old_content":"","_et_gb_content_width":"","footnotes":""},"class_list":["post-191","page","type-page","status-publish","hentry"],"_links":{"self":[{"href":"https:\/\/www.lufthansa-escape-games.de\/index.php?rest_route=\/wp\/v2\/pages\/191","targetHints":{"allow":["GET"]}}],"collection":[{"href":"https:\/\/www.lufthansa-escape-games.de\/index.php?rest_route=\/wp\/v2\/pages"}],"about":[{"href":"https:\/\/www.lufthansa-escape-games.de\/index.php?rest_route=\/wp\/v2\/types\/page"}],"author":[{"embeddable":true,"href":"https:\/\/www.lufthansa-escape-games.de\/index.php?rest_route=\/wp\/v2\/users\/1"}],"replies":[{"embeddable":true,"href":"https:\/\/www.lufthansa-escape-games.de\/index.php?rest_route=%2Fwp%2Fv2%2Fcomments&post=191"}],"version-history":[{"count":4,"href":"https:\/\/www.lufthansa-escape-games.de\/index.php?rest_route=\/wp\/v2\/pages\/191\/revisions"}],"predecessor-version":[{"id":199,"href":"https:\/\/www.lufthansa-escape-games.de\/index.php?rest_route=\/wp\/v2\/pages\/191\/revisions\/199"}],"wp:attachment":[{"href":"https:\/\/www.lufthansa-escape-games.de\/index.php?rest_route=%2Fwp%2Fv2%2Fmedia&parent=191"}],"curies":[{"name":"wp","href":"https:\/\/api.w.org\/{rel}","templated":true}]}}